{"id":2076,"date":"2020-11-04T23:24:13","date_gmt":"2020-11-04T23:24:13","guid":{"rendered":"https:\/\/shop.mohl-fliesen.de\/?post_type=product&#038;p=2076"},"modified":"2026-03-05T20:42:45","modified_gmt":"2026-03-05T19:42:45","slug":"intesivreiniger","status":"publish","type":"product","link":"https:\/\/shop.mohl-fliesen.de\/index.php\/product\/intesivreiniger\/","title":{"rendered":"Intensivreiniger"},"content":{"rendered":"<p>KF-INTENSIVREINIGER LITHOFIN, GEBINDE A 1 LTR<\/p>\n<h3 class=\"subheadline\">Grundreiniger f\u00fcr Feinsteinzeug und andere Keramikfliesen.<\/h3>\n<div class=\"container container--mobile margin-bottom--small\">\n<div class=\"productinfo\">\n<div class=\"productinfo__description\">Zum gelegentlichen Grundreinigen oder zum regelm\u00e4\u00dfigen Reinigen stark beanspruchter Fl\u00e4chen. Beseitigt hartn\u00e4ckige, starke Verschmutzungen, R\u00fcckst\u00e4nde von Pflegemitteln, \u00f6lige und fettige Verunreinigungen.<\/div>\n<\/div>\n<\/div>\n<div class=\"gridelement 2columncontainer container--mobile container\">\n<div class=\"row\">\n<div class=\"h5\">Produkttyp: alkalischer Reiniger<\/div>\n<ul>\n<li>hochaktiv<\/li>\n<li>extra stark<\/li>\n<li>Konzentrat<\/li>\n<li>\n<table class=\"table--simple\">\n<tbody>\n<tr>\n<th>Ergiebigkeit<\/th>\n<td>10 &#8211; 15 m\u00b2\/L als Grundreiniger, bis 100m\u00b2 bei Anwendung als Wischpflege<\/td>\n<\/tr>\n<tr>\n<th>Lagerung<\/th>\n<td>K\u00fchl, verschlossen, bis ca. 5 Jahre<\/td>\n<\/tr>\n<tr>\n<th>Verpackung<\/th>\n<td>1 L, 5 L, 10 L<\/td>\n<\/tr>\n<\/tbody>\n<\/table>\n<\/li>\n<\/ul>\n<\/div>\n<\/div>\n","protected":false},"excerpt":{"rendered":"<p>Zum gelegentlichen Grundreinigen oder zum regelm\u00e4\u00dfigen Reinigen stark beanspruchter Fl\u00e4chen. Beseitigt hartn\u00e4ckige, starke Verschmutzungen, R\u00fcckst\u00e4nde von Pflegemitteln, \u00f6lige und fettige Verunreinigungen.<\/p>\n","protected":false},"featured_media":2331,"comment_status":"open","ping_status":"closed","template":"","meta":[],"product_brand":[],"product_cat":[15],"product_tag":[],"class_list":{"0":"post-2076","1":"product","2":"type-product","3":"status-publish","4":"has-post-thumbnail","6":"product_cat-keramik","7":"product_shipping_class-standard","9":"first","10":"instock","11":"taxable","12":"shipping-taxable","13":"purchasable","14":"product-type-simple"},"yoast_head":"<!-- This site is optimized with the Yoast SEO plugin v27.4 - https:\/\/yoast.com\/product\/yoast-seo-wordpress\/ -->\n<title>Intensivreiniger - shop-mohl-fliesen<\/title>\n<meta name=\"robots\" content=\"index, follow, max-snippet:-1, max-image-preview:large, max-video-preview:-1\" \/>\n<link rel=\"canonical\" href=\"https:\/\/shop.mohl-fliesen.de\/index.php\/product\/intesivreiniger\/\" \/>\n<meta property=\"og:locale\" content=\"de_DE\" \/>\n<meta property=\"og:type\" content=\"article\" \/>\n<meta property=\"og:title\" content=\"Intensivreiniger - shop-mohl-fliesen\" \/>\n<meta property=\"og:description\" content=\"Zum gelegentlichen Grundreinigen oder zum regelm\u00e4\u00dfigen Reinigen stark beanspruchter Fl\u00e4chen. Beseitigt hartn\u00e4ckige, starke Verschmutzungen, R\u00fcckst\u00e4nde von Pflegemitteln, \u00f6lige und fettige Verunreinigungen.\" \/>\n<meta property=\"og:url\" content=\"https:\/\/shop.mohl-fliesen.de\/index.php\/product\/intesivreiniger\/\" \/>\n<meta property=\"og:site_name\" content=\"shop-mohl-fliesen\" \/>\n<meta property=\"article:modified_time\" content=\"2026-03-05T19:42:45+00:00\" \/>\n<meta property=\"og:image\" content=\"https:\/\/shop.mohl-fliesen.de\/wp-content\/uploads\/2020\/11\/Lithofin-Intensivreiniger-G03.3270_800x800.jpg\" \/>\n\t<meta property=\"og:image:width\" content=\"481\" \/>\n\t<meta property=\"og:image:height\" content=\"800\" \/>\n\t<meta property=\"og:image:type\" content=\"image\/jpeg\" \/>\n<meta name=\"twitter:card\" content=\"summary_large_image\" \/>\n<meta name=\"twitter:label1\" content=\"Gesch\u00e4tzte Lesezeit\" \/>\n\t<meta name=\"twitter:data1\" content=\"1\u00a0Minute\" \/>\n<script type=\"application\/ld+json\" class=\"yoast-schema-graph\">{\"@context\":\"https:\\\/\\\/schema.org\",\"@graph\":[{\"@type\":\"WebPage\",\"@id\":\"https:\\\/\\\/shop.mohl-fliesen.de\\\/index.php\\\/product\\\/intesivreiniger\\\/\",\"url\":\"https:\\\/\\\/shop.mohl-fliesen.de\\\/index.php\\\/product\\\/intesivreiniger\\\/\",\"name\":\"Intensivreiniger - shop-mohl-fliesen\",\"isPartOf\":{\"@id\":\"https:\\\/\\\/shop.mohl-fliesen.de\\\/#website\"},\"primaryImageOfPage\":{\"@id\":\"https:\\\/\\\/shop.mohl-fliesen.de\\\/index.php\\\/product\\\/intesivreiniger\\\/#primaryimage\"},\"image\":{\"@id\":\"https:\\\/\\\/shop.mohl-fliesen.de\\\/index.php\\\/product\\\/intesivreiniger\\\/#primaryimage\"},\"thumbnailUrl\":\"https:\\\/\\\/i0.wp.com\\\/shop.mohl-fliesen.de\\\/wp-content\\\/uploads\\\/2020\\\/11\\\/Lithofin-Intensivreiniger-G03.3270_800x800.jpg?fit=481%2C800&ssl=1\",\"datePublished\":\"2020-11-04T23:24:13+00:00\",\"dateModified\":\"2026-03-05T19:42:45+00:00\",\"breadcrumb\":{\"@id\":\"https:\\\/\\\/shop.mohl-fliesen.de\\\/index.php\\\/product\\\/intesivreiniger\\\/#breadcrumb\"},\"inLanguage\":\"de\",\"potentialAction\":[{\"@type\":\"ReadAction\",\"target\":[\"https:\\\/\\\/shop.mohl-fliesen.de\\\/index.php\\\/product\\\/intesivreiniger\\\/\"]}]},{\"@type\":\"ImageObject\",\"inLanguage\":\"de\",\"@id\":\"https:\\\/\\\/shop.mohl-fliesen.de\\\/index.php\\\/product\\\/intesivreiniger\\\/#primaryimage\",\"url\":\"https:\\\/\\\/i0.wp.com\\\/shop.mohl-fliesen.de\\\/wp-content\\\/uploads\\\/2020\\\/11\\\/Lithofin-Intensivreiniger-G03.3270_800x800.jpg?fit=481%2C800&ssl=1\",\"contentUrl\":\"https:\\\/\\\/i0.wp.com\\\/shop.mohl-fliesen.de\\\/wp-content\\\/uploads\\\/2020\\\/11\\\/Lithofin-Intensivreiniger-G03.3270_800x800.jpg?fit=481%2C800&ssl=1\",\"width\":481,\"height\":800},{\"@type\":\"BreadcrumbList\",\"@id\":\"https:\\\/\\\/shop.mohl-fliesen.de\\\/index.php\\\/product\\\/intesivreiniger\\\/#breadcrumb\",\"itemListElement\":[{\"@type\":\"ListItem\",\"position\":1,\"name\":\"Home\",\"item\":\"https:\\\/\\\/shop.mohl-fliesen.de\\\/\"},{\"@type\":\"ListItem\",\"position\":2,\"name\":\"Artikel\",\"item\":\"https:\\\/\\\/shop.mohl-fliesen.de\\\/\"},{\"@type\":\"ListItem\",\"position\":3,\"name\":\"Intensivreiniger\"}]},{\"@type\":\"WebSite\",\"@id\":\"https:\\\/\\\/shop.mohl-fliesen.de\\\/#website\",\"url\":\"https:\\\/\\\/shop.mohl-fliesen.de\\\/\",\"name\":\"shop.mohl-fliesen\",\"description\":\"alles rund um die Fliese\",\"publisher\":{\"@id\":\"https:\\\/\\\/shop.mohl-fliesen.de\\\/#organization\"},\"potentialAction\":[{\"@type\":\"SearchAction\",\"target\":{\"@type\":\"EntryPoint\",\"urlTemplate\":\"https:\\\/\\\/shop.mohl-fliesen.de\\\/?s={search_term_string}\"},\"query-input\":{\"@type\":\"PropertyValueSpecification\",\"valueRequired\":true,\"valueName\":\"search_term_string\"}}],\"inLanguage\":\"de\"},{\"@type\":\"Organization\",\"@id\":\"https:\\\/\\\/shop.mohl-fliesen.de\\\/#organization\",\"name\":\"Mohl Fliesenlegermeisterbetrieb\",\"url\":\"https:\\\/\\\/shop.mohl-fliesen.de\\\/\",\"logo\":{\"@type\":\"ImageObject\",\"inLanguage\":\"de\",\"@id\":\"https:\\\/\\\/shop.mohl-fliesen.de\\\/#\\\/schema\\\/logo\\\/image\\\/\",\"url\":\"https:\\\/\\\/shop.mohl-fliesen.de\\\/wp-content\\\/uploads\\\/2019\\\/12\\\/FirmenLogo.bmp\",\"contentUrl\":\"https:\\\/\\\/shop.mohl-fliesen.de\\\/wp-content\\\/uploads\\\/2019\\\/12\\\/FirmenLogo.bmp\",\"width\":367,\"height\":262,\"caption\":\"Mohl Fliesenlegermeisterbetrieb\"},\"image\":{\"@id\":\"https:\\\/\\\/shop.mohl-fliesen.de\\\/#\\\/schema\\\/logo\\\/image\\\/\"}}]}<\/script>\n<!-- \/ Yoast SEO plugin. -->","yoast_head_json":{"title":"Intensivreiniger - shop-mohl-fliesen","robots":{"index":"index","follow":"follow","max-snippet":"max-snippet:-1","max-image-preview":"max-image-preview:large","max-video-preview":"max-video-preview:-1"},"canonical":"https:\/\/shop.mohl-fliesen.de\/index.php\/product\/intesivreiniger\/","og_locale":"de_DE","og_type":"article","og_title":"Intensivreiniger - shop-mohl-fliesen","og_description":"Zum gelegentlichen Grundreinigen oder zum regelm\u00e4\u00dfigen Reinigen stark beanspruchter Fl\u00e4chen. Beseitigt hartn\u00e4ckige, starke Verschmutzungen, R\u00fcckst\u00e4nde von Pflegemitteln, \u00f6lige und fettige Verunreinigungen.","og_url":"https:\/\/shop.mohl-fliesen.de\/index.php\/product\/intesivreiniger\/","og_site_name":"shop-mohl-fliesen","article_modified_time":"2026-03-05T19:42:45+00:00","og_image":[{"width":481,"height":800,"url":"https:\/\/shop.mohl-fliesen.de\/wp-content\/uploads\/2020\/11\/Lithofin-Intensivreiniger-G03.3270_800x800.jpg","type":"image\/jpeg"}],"twitter_card":"summary_large_image","twitter_misc":{"Gesch\u00e4tzte Lesezeit":"1\u00a0Minute"},"schema":{"@context":"https:\/\/schema.org","@graph":[{"@type":"WebPage","@id":"https:\/\/shop.mohl-fliesen.de\/index.php\/product\/intesivreiniger\/","url":"https:\/\/shop.mohl-fliesen.de\/index.php\/product\/intesivreiniger\/","name":"Intensivreiniger - shop-mohl-fliesen","isPartOf":{"@id":"https:\/\/shop.mohl-fliesen.de\/#website"},"primaryImageOfPage":{"@id":"https:\/\/shop.mohl-fliesen.de\/index.php\/product\/intesivreiniger\/#primaryimage"},"image":{"@id":"https:\/\/shop.mohl-fliesen.de\/index.php\/product\/intesivreiniger\/#primaryimage"},"thumbnailUrl":"https:\/\/i0.wp.com\/shop.mohl-fliesen.de\/wp-content\/uploads\/2020\/11\/Lithofin-Intensivreiniger-G03.3270_800x800.jpg?fit=481%2C800&ssl=1","datePublished":"2020-11-04T23:24:13+00:00","dateModified":"2026-03-05T19:42:45+00:00","breadcrumb":{"@id":"https:\/\/shop.mohl-fliesen.de\/index.php\/product\/intesivreiniger\/#breadcrumb"},"inLanguage":"de","potentialAction":[{"@type":"ReadAction","target":["https:\/\/shop.mohl-fliesen.de\/index.php\/product\/intesivreiniger\/"]}]},{"@type":"ImageObject","inLanguage":"de","@id":"https:\/\/shop.mohl-fliesen.de\/index.php\/product\/intesivreiniger\/#primaryimage","url":"https:\/\/i0.wp.com\/shop.mohl-fliesen.de\/wp-content\/uploads\/2020\/11\/Lithofin-Intensivreiniger-G03.3270_800x800.jpg?fit=481%2C800&ssl=1","contentUrl":"https:\/\/i0.wp.com\/shop.mohl-fliesen.de\/wp-content\/uploads\/2020\/11\/Lithofin-Intensivreiniger-G03.3270_800x800.jpg?fit=481%2C800&ssl=1","width":481,"height":800},{"@type":"BreadcrumbList","@id":"https:\/\/shop.mohl-fliesen.de\/index.php\/product\/intesivreiniger\/#breadcrumb","itemListElement":[{"@type":"ListItem","position":1,"name":"Home","item":"https:\/\/shop.mohl-fliesen.de\/"},{"@type":"ListItem","position":2,"name":"Artikel","item":"https:\/\/shop.mohl-fliesen.de\/"},{"@type":"ListItem","position":3,"name":"Intensivreiniger"}]},{"@type":"WebSite","@id":"https:\/\/shop.mohl-fliesen.de\/#website","url":"https:\/\/shop.mohl-fliesen.de\/","name":"shop.mohl-fliesen","description":"alles rund um die Fliese","publisher":{"@id":"https:\/\/shop.mohl-fliesen.de\/#organization"},"potentialAction":[{"@type":"SearchAction","target":{"@type":"EntryPoint","urlTemplate":"https:\/\/shop.mohl-fliesen.de\/?s={search_term_string}"},"query-input":{"@type":"PropertyValueSpecification","valueRequired":true,"valueName":"search_term_string"}}],"inLanguage":"de"},{"@type":"Organization","@id":"https:\/\/shop.mohl-fliesen.de\/#organization","name":"Mohl Fliesenlegermeisterbetrieb","url":"https:\/\/shop.mohl-fliesen.de\/","logo":{"@type":"ImageObject","inLanguage":"de","@id":"https:\/\/shop.mohl-fliesen.de\/#\/schema\/logo\/image\/","url":"https:\/\/shop.mohl-fliesen.de\/wp-content\/uploads\/2019\/12\/FirmenLogo.bmp","contentUrl":"https:\/\/shop.mohl-fliesen.de\/wp-content\/uploads\/2019\/12\/FirmenLogo.bmp","width":367,"height":262,"caption":"Mohl Fliesenlegermeisterbetrieb"},"image":{"@id":"https:\/\/shop.mohl-fliesen.de\/#\/schema\/logo\/image\/"}}]}},"jetpack_sharing_enabled":true,"_links":{"self":[{"href":"https:\/\/shop.mohl-fliesen.de\/index.php\/wp-json\/wp\/v2\/product\/2076","targetHints":{"allow":["GET"]}}],"collection":[{"href":"https:\/\/shop.mohl-fliesen.de\/index.php\/wp-json\/wp\/v2\/product"}],"about":[{"href":"https:\/\/shop.mohl-fliesen.de\/index.php\/wp-json\/wp\/v2\/types\/product"}],"replies":[{"embeddable":true,"href":"https:\/\/shop.mohl-fliesen.de\/index.php\/wp-json\/wp\/v2\/comments?post=2076"}],"wp:featuredmedia":[{"embeddable":true,"href":"https:\/\/shop.mohl-fliesen.de\/index.php\/wp-json\/wp\/v2\/media\/2331"}],"wp:attachment":[{"href":"https:\/\/shop.mohl-fliesen.de\/index.php\/wp-json\/wp\/v2\/media?parent=2076"}],"wp:term":[{"taxonomy":"product_brand","embeddable":true,"href":"https:\/\/shop.mohl-fliesen.de\/index.php\/wp-json\/wp\/v2\/product_brand?post=2076"},{"taxonomy":"product_cat","embeddable":true,"href":"https:\/\/shop.mohl-fliesen.de\/index.php\/wp-json\/wp\/v2\/product_cat?post=2076"},{"taxonomy":"product_tag","embeddable":true,"href":"https:\/\/shop.mohl-fliesen.de\/index.php\/wp-json\/wp\/v2\/product_tag?post=2076"}],"curies":[{"name":"wp","href":"https:\/\/api.w.org\/{rel}","templated":true}]}}