{"id":2048,"date":"2020-04-09T22:19:51","date_gmt":"2020-04-09T22:19:51","guid":{"rendered":"https:\/\/shop.mohl-fliesen.de\/?post_type=product&#038;p=2048"},"modified":"2021-01-06T19:37:15","modified_gmt":"2021-01-06T19:37:15","slug":"flaechen-desinfektor","status":"publish","type":"product","link":"https:\/\/shop.mohl-fliesen.de\/index.php\/product\/flaechen-desinfektor\/","title":{"rendered":"Fl\u00e4chen Desinfektor"},"content":{"rendered":"<p><img data-recalc-dims=\"1\" loading=\"lazy\" decoding=\"async\" class=\"alignnone size-medium wp-image-2051\" src=\"https:\/\/i0.wp.com\/shop.mohl-fliesen.de\/wp-content\/uploads\/2020\/04\/flaechen_desi.jpg?resize=289%2C300&#038;ssl=1\" alt=\"\" width=\"289\" height=\"300\" \/>Lithofin Fl\u00e4chen-Desinfektor ist ein universell einsetzbarer Desinfektionsreiniger f\u00fcr alle abwaschbaren Fl\u00e4chen. Er ist neutral, chlor- und s\u00e4ure\u00adfrei sowie anwendungsfertig eingestellt.<\/p>\n<p>Geeignet f\u00fcr alle abwaschbaren Oberfl\u00e4chen wie M\u00f6bel, Waschtische, T\u00fcrklinken, Telefone, K\u00fchlschr\u00e4nke und vieles mehr<\/p>\n<ul>\n<li>gebrauchsfertig<\/li>\n<li>restlos abwaschbar<\/li>\n<li>T\u00f6tet bei sachgerechter Anwendung Bakterien (bacterizid), Viren (viruzid) und Pilze (fungizid), die an Oberfl\u00e4chen haften, ab.<\/li>\n<li>500 ml<\/li>\n<li>einwirkzeit min. 10 min<\/li>\n<\/ul>\n","protected":false},"excerpt":{"rendered":"<p><a href=\"https:\/\/www.lithofin.de\/de\/produkte\/produkte-rund-ums-haus\/lithofin-flaechen-desinfektor\">https:\/\/www.lithofin.de\/de\/produkte\/produkte-rund-ums-haus\/lithofin-flaechen-desinfektor<\/a><\/p>\n","protected":false},"featured_media":2051,"comment_status":"open","ping_status":"closed","template":"","meta":[],"product_brand":[],"product_cat":[15],"product_tag":[],"class_list":{"0":"post-2048","1":"product","2":"type-product","3":"status-publish","4":"has-post-thumbnail","6":"product_cat-keramik","7":"product_shipping_class-standard","9":"first","10":"instock","11":"taxable","12":"shipping-taxable","13":"purchasable","14":"product-type-simple"},"yoast_head":"<!-- This site is optimized with the Yoast SEO plugin v27.4 - https:\/\/yoast.com\/product\/yoast-seo-wordpress\/ -->\n<title>Fl\u00e4chen Desinfektor - shop-mohl-fliesen<\/title>\n<meta name=\"robots\" content=\"index, follow, max-snippet:-1, max-image-preview:large, max-video-preview:-1\" \/>\n<link rel=\"canonical\" href=\"https:\/\/shop.mohl-fliesen.de\/index.php\/product\/flaechen-desinfektor\/\" \/>\n<meta property=\"og:locale\" content=\"de_DE\" \/>\n<meta property=\"og:type\" content=\"article\" \/>\n<meta property=\"og:title\" content=\"Fl\u00e4chen Desinfektor - shop-mohl-fliesen\" \/>\n<meta property=\"og:description\" content=\"https:\/\/www.lithofin.de\/de\/produkte\/produkte-rund-ums-haus\/lithofin-flaechen-desinfektor\" \/>\n<meta property=\"og:url\" content=\"https:\/\/shop.mohl-fliesen.de\/index.php\/product\/flaechen-desinfektor\/\" \/>\n<meta property=\"og:site_name\" content=\"shop-mohl-fliesen\" \/>\n<meta property=\"article:modified_time\" content=\"2021-01-06T19:37:15+00:00\" \/>\n<meta property=\"og:image\" content=\"https:\/\/i2.wp.com\/shop.mohl-fliesen.de\/wp-content\/uploads\/2021\/01\/flaechen_desi.jpg?fit=592%2C615&ssl=1\" \/>\n\t<meta property=\"og:image:width\" content=\"592\" \/>\n\t<meta property=\"og:image:height\" content=\"615\" \/>\n\t<meta property=\"og:image:type\" content=\"image\/jpeg\" \/>\n<meta name=\"twitter:card\" content=\"summary_large_image\" \/>\n<script type=\"application\/ld+json\" class=\"yoast-schema-graph\">{\"@context\":\"https:\\\/\\\/schema.org\",\"@graph\":[{\"@type\":\"WebPage\",\"@id\":\"https:\\\/\\\/shop.mohl-fliesen.de\\\/index.php\\\/product\\\/flaechen-desinfektor\\\/\",\"url\":\"https:\\\/\\\/shop.mohl-fliesen.de\\\/index.php\\\/product\\\/flaechen-desinfektor\\\/\",\"name\":\"Fl\u00e4chen Desinfektor - shop-mohl-fliesen\",\"isPartOf\":{\"@id\":\"https:\\\/\\\/shop.mohl-fliesen.de\\\/#website\"},\"primaryImageOfPage\":{\"@id\":\"https:\\\/\\\/shop.mohl-fliesen.de\\\/index.php\\\/product\\\/flaechen-desinfektor\\\/#primaryimage\"},\"image\":{\"@id\":\"https:\\\/\\\/shop.mohl-fliesen.de\\\/index.php\\\/product\\\/flaechen-desinfektor\\\/#primaryimage\"},\"thumbnailUrl\":\"https:\\\/\\\/i0.wp.com\\\/shop.mohl-fliesen.de\\\/wp-content\\\/uploads\\\/2021\\\/01\\\/flaechen_desi.jpg?fit=592%2C615&ssl=1\",\"datePublished\":\"2020-04-09T22:19:51+00:00\",\"dateModified\":\"2021-01-06T19:37:15+00:00\",\"breadcrumb\":{\"@id\":\"https:\\\/\\\/shop.mohl-fliesen.de\\\/index.php\\\/product\\\/flaechen-desinfektor\\\/#breadcrumb\"},\"inLanguage\":\"de\",\"potentialAction\":[{\"@type\":\"ReadAction\",\"target\":[\"https:\\\/\\\/shop.mohl-fliesen.de\\\/index.php\\\/product\\\/flaechen-desinfektor\\\/\"]}]},{\"@type\":\"ImageObject\",\"inLanguage\":\"de\",\"@id\":\"https:\\\/\\\/shop.mohl-fliesen.de\\\/index.php\\\/product\\\/flaechen-desinfektor\\\/#primaryimage\",\"url\":\"https:\\\/\\\/i0.wp.com\\\/shop.mohl-fliesen.de\\\/wp-content\\\/uploads\\\/2021\\\/01\\\/flaechen_desi.jpg?fit=592%2C615&ssl=1\",\"contentUrl\":\"https:\\\/\\\/i0.wp.com\\\/shop.mohl-fliesen.de\\\/wp-content\\\/uploads\\\/2021\\\/01\\\/flaechen_desi.jpg?fit=592%2C615&ssl=1\",\"width\":592,\"height\":615,\"caption\":\"flaechen_desi\"},{\"@type\":\"BreadcrumbList\",\"@id\":\"https:\\\/\\\/shop.mohl-fliesen.de\\\/index.php\\\/product\\\/flaechen-desinfektor\\\/#breadcrumb\",\"itemListElement\":[{\"@type\":\"ListItem\",\"position\":1,\"name\":\"Home\",\"item\":\"https:\\\/\\\/shop.mohl-fliesen.de\\\/\"},{\"@type\":\"ListItem\",\"position\":2,\"name\":\"Artikel\",\"item\":\"https:\\\/\\\/shop.mohl-fliesen.de\\\/\"},{\"@type\":\"ListItem\",\"position\":3,\"name\":\"Fl\u00e4chen Desinfektor\"}]},{\"@type\":\"WebSite\",\"@id\":\"https:\\\/\\\/shop.mohl-fliesen.de\\\/#website\",\"url\":\"https:\\\/\\\/shop.mohl-fliesen.de\\\/\",\"name\":\"shop.mohl-fliesen\",\"description\":\"alles rund um die Fliese\",\"publisher\":{\"@id\":\"https:\\\/\\\/shop.mohl-fliesen.de\\\/#organization\"},\"potentialAction\":[{\"@type\":\"SearchAction\",\"target\":{\"@type\":\"EntryPoint\",\"urlTemplate\":\"https:\\\/\\\/shop.mohl-fliesen.de\\\/?s={search_term_string}\"},\"query-input\":{\"@type\":\"PropertyValueSpecification\",\"valueRequired\":true,\"valueName\":\"search_term_string\"}}],\"inLanguage\":\"de\"},{\"@type\":\"Organization\",\"@id\":\"https:\\\/\\\/shop.mohl-fliesen.de\\\/#organization\",\"name\":\"Mohl Fliesenlegermeisterbetrieb\",\"url\":\"https:\\\/\\\/shop.mohl-fliesen.de\\\/\",\"logo\":{\"@type\":\"ImageObject\",\"inLanguage\":\"de\",\"@id\":\"https:\\\/\\\/shop.mohl-fliesen.de\\\/#\\\/schema\\\/logo\\\/image\\\/\",\"url\":\"https:\\\/\\\/shop.mohl-fliesen.de\\\/wp-content\\\/uploads\\\/2019\\\/12\\\/FirmenLogo.bmp\",\"contentUrl\":\"https:\\\/\\\/shop.mohl-fliesen.de\\\/wp-content\\\/uploads\\\/2019\\\/12\\\/FirmenLogo.bmp\",\"width\":367,\"height\":262,\"caption\":\"Mohl Fliesenlegermeisterbetrieb\"},\"image\":{\"@id\":\"https:\\\/\\\/shop.mohl-fliesen.de\\\/#\\\/schema\\\/logo\\\/image\\\/\"}}]}<\/script>\n<!-- \/ Yoast SEO plugin. -->","yoast_head_json":{"title":"Fl\u00e4chen Desinfektor - shop-mohl-fliesen","robots":{"index":"index","follow":"follow","max-snippet":"max-snippet:-1","max-image-preview":"max-image-preview:large","max-video-preview":"max-video-preview:-1"},"canonical":"https:\/\/shop.mohl-fliesen.de\/index.php\/product\/flaechen-desinfektor\/","og_locale":"de_DE","og_type":"article","og_title":"Fl\u00e4chen Desinfektor - shop-mohl-fliesen","og_description":"https:\/\/www.lithofin.de\/de\/produkte\/produkte-rund-ums-haus\/lithofin-flaechen-desinfektor","og_url":"https:\/\/shop.mohl-fliesen.de\/index.php\/product\/flaechen-desinfektor\/","og_site_name":"shop-mohl-fliesen","article_modified_time":"2021-01-06T19:37:15+00:00","og_image":[{"width":592,"height":615,"url":"https:\/\/i2.wp.com\/shop.mohl-fliesen.de\/wp-content\/uploads\/2021\/01\/flaechen_desi.jpg?fit=592%2C615&ssl=1","type":"image\/jpeg"}],"twitter_card":"summary_large_image","schema":{"@context":"https:\/\/schema.org","@graph":[{"@type":"WebPage","@id":"https:\/\/shop.mohl-fliesen.de\/index.php\/product\/flaechen-desinfektor\/","url":"https:\/\/shop.mohl-fliesen.de\/index.php\/product\/flaechen-desinfektor\/","name":"Fl\u00e4chen Desinfektor - shop-mohl-fliesen","isPartOf":{"@id":"https:\/\/shop.mohl-fliesen.de\/#website"},"primaryImageOfPage":{"@id":"https:\/\/shop.mohl-fliesen.de\/index.php\/product\/flaechen-desinfektor\/#primaryimage"},"image":{"@id":"https:\/\/shop.mohl-fliesen.de\/index.php\/product\/flaechen-desinfektor\/#primaryimage"},"thumbnailUrl":"https:\/\/i0.wp.com\/shop.mohl-fliesen.de\/wp-content\/uploads\/2021\/01\/flaechen_desi.jpg?fit=592%2C615&ssl=1","datePublished":"2020-04-09T22:19:51+00:00","dateModified":"2021-01-06T19:37:15+00:00","breadcrumb":{"@id":"https:\/\/shop.mohl-fliesen.de\/index.php\/product\/flaechen-desinfektor\/#breadcrumb"},"inLanguage":"de","potentialAction":[{"@type":"ReadAction","target":["https:\/\/shop.mohl-fliesen.de\/index.php\/product\/flaechen-desinfektor\/"]}]},{"@type":"ImageObject","inLanguage":"de","@id":"https:\/\/shop.mohl-fliesen.de\/index.php\/product\/flaechen-desinfektor\/#primaryimage","url":"https:\/\/i0.wp.com\/shop.mohl-fliesen.de\/wp-content\/uploads\/2021\/01\/flaechen_desi.jpg?fit=592%2C615&ssl=1","contentUrl":"https:\/\/i0.wp.com\/shop.mohl-fliesen.de\/wp-content\/uploads\/2021\/01\/flaechen_desi.jpg?fit=592%2C615&ssl=1","width":592,"height":615,"caption":"flaechen_desi"},{"@type":"BreadcrumbList","@id":"https:\/\/shop.mohl-fliesen.de\/index.php\/product\/flaechen-desinfektor\/#breadcrumb","itemListElement":[{"@type":"ListItem","position":1,"name":"Home","item":"https:\/\/shop.mohl-fliesen.de\/"},{"@type":"ListItem","position":2,"name":"Artikel","item":"https:\/\/shop.mohl-fliesen.de\/"},{"@type":"ListItem","position":3,"name":"Fl\u00e4chen Desinfektor"}]},{"@type":"WebSite","@id":"https:\/\/shop.mohl-fliesen.de\/#website","url":"https:\/\/shop.mohl-fliesen.de\/","name":"shop.mohl-fliesen","description":"alles rund um die Fliese","publisher":{"@id":"https:\/\/shop.mohl-fliesen.de\/#organization"},"potentialAction":[{"@type":"SearchAction","target":{"@type":"EntryPoint","urlTemplate":"https:\/\/shop.mohl-fliesen.de\/?s={search_term_string}"},"query-input":{"@type":"PropertyValueSpecification","valueRequired":true,"valueName":"search_term_string"}}],"inLanguage":"de"},{"@type":"Organization","@id":"https:\/\/shop.mohl-fliesen.de\/#organization","name":"Mohl Fliesenlegermeisterbetrieb","url":"https:\/\/shop.mohl-fliesen.de\/","logo":{"@type":"ImageObject","inLanguage":"de","@id":"https:\/\/shop.mohl-fliesen.de\/#\/schema\/logo\/image\/","url":"https:\/\/shop.mohl-fliesen.de\/wp-content\/uploads\/2019\/12\/FirmenLogo.bmp","contentUrl":"https:\/\/shop.mohl-fliesen.de\/wp-content\/uploads\/2019\/12\/FirmenLogo.bmp","width":367,"height":262,"caption":"Mohl Fliesenlegermeisterbetrieb"},"image":{"@id":"https:\/\/shop.mohl-fliesen.de\/#\/schema\/logo\/image\/"}}]}},"jetpack_sharing_enabled":true,"_links":{"self":[{"href":"https:\/\/shop.mohl-fliesen.de\/index.php\/wp-json\/wp\/v2\/product\/2048","targetHints":{"allow":["GET"]}}],"collection":[{"href":"https:\/\/shop.mohl-fliesen.de\/index.php\/wp-json\/wp\/v2\/product"}],"about":[{"href":"https:\/\/shop.mohl-fliesen.de\/index.php\/wp-json\/wp\/v2\/types\/product"}],"replies":[{"embeddable":true,"href":"https:\/\/shop.mohl-fliesen.de\/index.php\/wp-json\/wp\/v2\/comments?post=2048"}],"wp:featuredmedia":[{"embeddable":true,"href":"https:\/\/shop.mohl-fliesen.de\/index.php\/wp-json\/wp\/v2\/media\/2051"}],"wp:attachment":[{"href":"https:\/\/shop.mohl-fliesen.de\/index.php\/wp-json\/wp\/v2\/media?parent=2048"}],"wp:term":[{"taxonomy":"product_brand","embeddable":true,"href":"https:\/\/shop.mohl-fliesen.de\/index.php\/wp-json\/wp\/v2\/product_brand?post=2048"},{"taxonomy":"product_cat","embeddable":true,"href":"https:\/\/shop.mohl-fliesen.de\/index.php\/wp-json\/wp\/v2\/product_cat?post=2048"},{"taxonomy":"product_tag","embeddable":true,"href":"https:\/\/shop.mohl-fliesen.de\/index.php\/wp-json\/wp\/v2\/product_tag?post=2048"}],"curies":[{"name":"wp","href":"https:\/\/api.w.org\/{rel}","templated":true}]}}