{"id":14,"date":"2019-12-23T01:59:53","date_gmt":"2019-12-23T00:59:53","guid":{"rendered":"https:\/\/shop.mohl-fliesen.de\/?post_type=product&#038;p=14"},"modified":"2026-03-05T20:38:42","modified_gmt":"2026-03-05T19:38:42","slug":"sanitaerreiniger","status":"publish","type":"product","link":"https:\/\/shop.mohl-fliesen.de\/index.php\/product\/sanitaerreiniger\/","title":{"rendered":"Sanit\u00e4rreiniger"},"content":{"rendered":"<p style=\"text-align: left;\"><strong>Sanit\u00e4rreiniger von Lithofin\u00a0 1l<\/strong> l\u00f6st die Kalkablagerungen an.<\/p>\n<p>&#8212; Wichtig &#8212; Vorn\u00e4ssen der Fugen<\/p>\n<p>nur auf S\u00e4urebest\u00e4ndigen Untergr\u00fcnden anwenden.<\/p>\n<p>Nicht geeignet f\u00fcr Marmor \/ Natursteine<\/p>\n","protected":false},"excerpt":{"rendered":"<p>dies ist unser Absoluter Spitzenreiter bei entfernen von Kalk von Keramik.<\/p>\n<p>-WICHTIG &#8211; immer vorher vorn\u00e4ssen und ausprobieren an einer Stelle<\/p>\n","protected":false},"featured_media":2330,"comment_status":"open","ping_status":"closed","template":"","meta":[],"product_brand":[],"product_cat":[15],"product_tag":[],"class_list":{"0":"post-14","1":"product","2":"type-product","3":"status-publish","4":"has-post-thumbnail","6":"product_cat-keramik","7":"product_shipping_class-standard","9":"first","10":"instock","11":"featured","12":"taxable","13":"shipping-taxable","14":"purchasable","15":"product-type-simple"},"yoast_head":"<!-- This site is optimized with the Yoast SEO plugin v27.4 - https:\/\/yoast.com\/product\/yoast-seo-wordpress\/ -->\n<title>Sanit\u00e4rreiniger - shop-mohl-fliesen<\/title>\n<meta name=\"robots\" content=\"index, follow, max-snippet:-1, max-image-preview:large, max-video-preview:-1\" \/>\n<link rel=\"canonical\" href=\"https:\/\/shop.mohl-fliesen.de\/index.php\/product\/sanitaerreiniger\/\" \/>\n<meta property=\"og:locale\" content=\"de_DE\" \/>\n<meta property=\"og:type\" content=\"article\" \/>\n<meta property=\"og:title\" content=\"Sanit\u00e4rreiniger - shop-mohl-fliesen\" \/>\n<meta property=\"og:description\" content=\"dies ist unser Absoluter Spitzenreiter bei entfernen von Kalk von Keramik.  -WICHTIG - immer vorher vorn\u00e4ssen und ausprobieren an einer Stelle\" \/>\n<meta property=\"og:url\" content=\"https:\/\/shop.mohl-fliesen.de\/index.php\/product\/sanitaerreiniger\/\" \/>\n<meta property=\"og:site_name\" content=\"shop-mohl-fliesen\" \/>\n<meta property=\"article:modified_time\" content=\"2026-03-05T19:38:42+00:00\" \/>\n<meta property=\"og:image\" content=\"https:\/\/shop.mohl-fliesen.de\/wp-content\/uploads\/2019\/12\/Lithofin-Sanitrreiniger-G03.3210_800x800.jpg\" \/>\n\t<meta property=\"og:image:width\" content=\"481\" \/>\n\t<meta property=\"og:image:height\" content=\"800\" \/>\n\t<meta property=\"og:image:type\" content=\"image\/jpeg\" \/>\n<meta name=\"twitter:card\" content=\"summary_large_image\" \/>\n<meta name=\"twitter:label1\" content=\"Gesch\u00e4tzte Lesezeit\" \/>\n\t<meta name=\"twitter:data1\" content=\"1\u00a0Minute\" \/>\n<script type=\"application\/ld+json\" class=\"yoast-schema-graph\">{\"@context\":\"https:\\\/\\\/schema.org\",\"@graph\":[{\"@type\":\"WebPage\",\"@id\":\"https:\\\/\\\/shop.mohl-fliesen.de\\\/index.php\\\/product\\\/sanitaerreiniger\\\/\",\"url\":\"https:\\\/\\\/shop.mohl-fliesen.de\\\/index.php\\\/product\\\/sanitaerreiniger\\\/\",\"name\":\"Sanit\u00e4rreiniger - shop-mohl-fliesen\",\"isPartOf\":{\"@id\":\"https:\\\/\\\/shop.mohl-fliesen.de\\\/#website\"},\"primaryImageOfPage\":{\"@id\":\"https:\\\/\\\/shop.mohl-fliesen.de\\\/index.php\\\/product\\\/sanitaerreiniger\\\/#primaryimage\"},\"image\":{\"@id\":\"https:\\\/\\\/shop.mohl-fliesen.de\\\/index.php\\\/product\\\/sanitaerreiniger\\\/#primaryimage\"},\"thumbnailUrl\":\"https:\\\/\\\/i0.wp.com\\\/shop.mohl-fliesen.de\\\/wp-content\\\/uploads\\\/2019\\\/12\\\/Lithofin-Sanitrreiniger-G03.3210_800x800.jpg?fit=481%2C800&ssl=1\",\"datePublished\":\"2019-12-23T00:59:53+00:00\",\"dateModified\":\"2026-03-05T19:38:42+00:00\",\"breadcrumb\":{\"@id\":\"https:\\\/\\\/shop.mohl-fliesen.de\\\/index.php\\\/product\\\/sanitaerreiniger\\\/#breadcrumb\"},\"inLanguage\":\"de\",\"potentialAction\":[{\"@type\":\"ReadAction\",\"target\":[\"https:\\\/\\\/shop.mohl-fliesen.de\\\/index.php\\\/product\\\/sanitaerreiniger\\\/\"]}]},{\"@type\":\"ImageObject\",\"inLanguage\":\"de\",\"@id\":\"https:\\\/\\\/shop.mohl-fliesen.de\\\/index.php\\\/product\\\/sanitaerreiniger\\\/#primaryimage\",\"url\":\"https:\\\/\\\/i0.wp.com\\\/shop.mohl-fliesen.de\\\/wp-content\\\/uploads\\\/2019\\\/12\\\/Lithofin-Sanitrreiniger-G03.3210_800x800.jpg?fit=481%2C800&ssl=1\",\"contentUrl\":\"https:\\\/\\\/i0.wp.com\\\/shop.mohl-fliesen.de\\\/wp-content\\\/uploads\\\/2019\\\/12\\\/Lithofin-Sanitrreiniger-G03.3210_800x800.jpg?fit=481%2C800&ssl=1\",\"width\":481,\"height\":800},{\"@type\":\"BreadcrumbList\",\"@id\":\"https:\\\/\\\/shop.mohl-fliesen.de\\\/index.php\\\/product\\\/sanitaerreiniger\\\/#breadcrumb\",\"itemListElement\":[{\"@type\":\"ListItem\",\"position\":1,\"name\":\"Home\",\"item\":\"https:\\\/\\\/shop.mohl-fliesen.de\\\/\"},{\"@type\":\"ListItem\",\"position\":2,\"name\":\"Artikel\",\"item\":\"https:\\\/\\\/shop.mohl-fliesen.de\\\/\"},{\"@type\":\"ListItem\",\"position\":3,\"name\":\"Sanit\u00e4rreiniger\"}]},{\"@type\":\"WebSite\",\"@id\":\"https:\\\/\\\/shop.mohl-fliesen.de\\\/#website\",\"url\":\"https:\\\/\\\/shop.mohl-fliesen.de\\\/\",\"name\":\"shop.mohl-fliesen\",\"description\":\"alles rund um die Fliese\",\"publisher\":{\"@id\":\"https:\\\/\\\/shop.mohl-fliesen.de\\\/#organization\"},\"potentialAction\":[{\"@type\":\"SearchAction\",\"target\":{\"@type\":\"EntryPoint\",\"urlTemplate\":\"https:\\\/\\\/shop.mohl-fliesen.de\\\/?s={search_term_string}\"},\"query-input\":{\"@type\":\"PropertyValueSpecification\",\"valueRequired\":true,\"valueName\":\"search_term_string\"}}],\"inLanguage\":\"de\"},{\"@type\":\"Organization\",\"@id\":\"https:\\\/\\\/shop.mohl-fliesen.de\\\/#organization\",\"name\":\"Mohl Fliesenlegermeisterbetrieb\",\"url\":\"https:\\\/\\\/shop.mohl-fliesen.de\\\/\",\"logo\":{\"@type\":\"ImageObject\",\"inLanguage\":\"de\",\"@id\":\"https:\\\/\\\/shop.mohl-fliesen.de\\\/#\\\/schema\\\/logo\\\/image\\\/\",\"url\":\"https:\\\/\\\/shop.mohl-fliesen.de\\\/wp-content\\\/uploads\\\/2019\\\/12\\\/FirmenLogo.bmp\",\"contentUrl\":\"https:\\\/\\\/shop.mohl-fliesen.de\\\/wp-content\\\/uploads\\\/2019\\\/12\\\/FirmenLogo.bmp\",\"width\":367,\"height\":262,\"caption\":\"Mohl Fliesenlegermeisterbetrieb\"},\"image\":{\"@id\":\"https:\\\/\\\/shop.mohl-fliesen.de\\\/#\\\/schema\\\/logo\\\/image\\\/\"}}]}<\/script>\n<!-- \/ Yoast SEO plugin. -->","yoast_head_json":{"title":"Sanit\u00e4rreiniger - shop-mohl-fliesen","robots":{"index":"index","follow":"follow","max-snippet":"max-snippet:-1","max-image-preview":"max-image-preview:large","max-video-preview":"max-video-preview:-1"},"canonical":"https:\/\/shop.mohl-fliesen.de\/index.php\/product\/sanitaerreiniger\/","og_locale":"de_DE","og_type":"article","og_title":"Sanit\u00e4rreiniger - shop-mohl-fliesen","og_description":"dies ist unser Absoluter Spitzenreiter bei entfernen von Kalk von Keramik.  -WICHTIG - immer vorher vorn\u00e4ssen und ausprobieren an einer Stelle","og_url":"https:\/\/shop.mohl-fliesen.de\/index.php\/product\/sanitaerreiniger\/","og_site_name":"shop-mohl-fliesen","article_modified_time":"2026-03-05T19:38:42+00:00","og_image":[{"width":481,"height":800,"url":"https:\/\/shop.mohl-fliesen.de\/wp-content\/uploads\/2019\/12\/Lithofin-Sanitrreiniger-G03.3210_800x800.jpg","type":"image\/jpeg"}],"twitter_card":"summary_large_image","twitter_misc":{"Gesch\u00e4tzte Lesezeit":"1\u00a0Minute"},"schema":{"@context":"https:\/\/schema.org","@graph":[{"@type":"WebPage","@id":"https:\/\/shop.mohl-fliesen.de\/index.php\/product\/sanitaerreiniger\/","url":"https:\/\/shop.mohl-fliesen.de\/index.php\/product\/sanitaerreiniger\/","name":"Sanit\u00e4rreiniger - shop-mohl-fliesen","isPartOf":{"@id":"https:\/\/shop.mohl-fliesen.de\/#website"},"primaryImageOfPage":{"@id":"https:\/\/shop.mohl-fliesen.de\/index.php\/product\/sanitaerreiniger\/#primaryimage"},"image":{"@id":"https:\/\/shop.mohl-fliesen.de\/index.php\/product\/sanitaerreiniger\/#primaryimage"},"thumbnailUrl":"https:\/\/i0.wp.com\/shop.mohl-fliesen.de\/wp-content\/uploads\/2019\/12\/Lithofin-Sanitrreiniger-G03.3210_800x800.jpg?fit=481%2C800&ssl=1","datePublished":"2019-12-23T00:59:53+00:00","dateModified":"2026-03-05T19:38:42+00:00","breadcrumb":{"@id":"https:\/\/shop.mohl-fliesen.de\/index.php\/product\/sanitaerreiniger\/#breadcrumb"},"inLanguage":"de","potentialAction":[{"@type":"ReadAction","target":["https:\/\/shop.mohl-fliesen.de\/index.php\/product\/sanitaerreiniger\/"]}]},{"@type":"ImageObject","inLanguage":"de","@id":"https:\/\/shop.mohl-fliesen.de\/index.php\/product\/sanitaerreiniger\/#primaryimage","url":"https:\/\/i0.wp.com\/shop.mohl-fliesen.de\/wp-content\/uploads\/2019\/12\/Lithofin-Sanitrreiniger-G03.3210_800x800.jpg?fit=481%2C800&ssl=1","contentUrl":"https:\/\/i0.wp.com\/shop.mohl-fliesen.de\/wp-content\/uploads\/2019\/12\/Lithofin-Sanitrreiniger-G03.3210_800x800.jpg?fit=481%2C800&ssl=1","width":481,"height":800},{"@type":"BreadcrumbList","@id":"https:\/\/shop.mohl-fliesen.de\/index.php\/product\/sanitaerreiniger\/#breadcrumb","itemListElement":[{"@type":"ListItem","position":1,"name":"Home","item":"https:\/\/shop.mohl-fliesen.de\/"},{"@type":"ListItem","position":2,"name":"Artikel","item":"https:\/\/shop.mohl-fliesen.de\/"},{"@type":"ListItem","position":3,"name":"Sanit\u00e4rreiniger"}]},{"@type":"WebSite","@id":"https:\/\/shop.mohl-fliesen.de\/#website","url":"https:\/\/shop.mohl-fliesen.de\/","name":"shop.mohl-fliesen","description":"alles rund um die Fliese","publisher":{"@id":"https:\/\/shop.mohl-fliesen.de\/#organization"},"potentialAction":[{"@type":"SearchAction","target":{"@type":"EntryPoint","urlTemplate":"https:\/\/shop.mohl-fliesen.de\/?s={search_term_string}"},"query-input":{"@type":"PropertyValueSpecification","valueRequired":true,"valueName":"search_term_string"}}],"inLanguage":"de"},{"@type":"Organization","@id":"https:\/\/shop.mohl-fliesen.de\/#organization","name":"Mohl Fliesenlegermeisterbetrieb","url":"https:\/\/shop.mohl-fliesen.de\/","logo":{"@type":"ImageObject","inLanguage":"de","@id":"https:\/\/shop.mohl-fliesen.de\/#\/schema\/logo\/image\/","url":"https:\/\/shop.mohl-fliesen.de\/wp-content\/uploads\/2019\/12\/FirmenLogo.bmp","contentUrl":"https:\/\/shop.mohl-fliesen.de\/wp-content\/uploads\/2019\/12\/FirmenLogo.bmp","width":367,"height":262,"caption":"Mohl Fliesenlegermeisterbetrieb"},"image":{"@id":"https:\/\/shop.mohl-fliesen.de\/#\/schema\/logo\/image\/"}}]}},"jetpack_sharing_enabled":true,"_links":{"self":[{"href":"https:\/\/shop.mohl-fliesen.de\/index.php\/wp-json\/wp\/v2\/product\/14","targetHints":{"allow":["GET"]}}],"collection":[{"href":"https:\/\/shop.mohl-fliesen.de\/index.php\/wp-json\/wp\/v2\/product"}],"about":[{"href":"https:\/\/shop.mohl-fliesen.de\/index.php\/wp-json\/wp\/v2\/types\/product"}],"replies":[{"embeddable":true,"href":"https:\/\/shop.mohl-fliesen.de\/index.php\/wp-json\/wp\/v2\/comments?post=14"}],"wp:featuredmedia":[{"embeddable":true,"href":"https:\/\/shop.mohl-fliesen.de\/index.php\/wp-json\/wp\/v2\/media\/2330"}],"wp:attachment":[{"href":"https:\/\/shop.mohl-fliesen.de\/index.php\/wp-json\/wp\/v2\/media?parent=14"}],"wp:term":[{"taxonomy":"product_brand","embeddable":true,"href":"https:\/\/shop.mohl-fliesen.de\/index.php\/wp-json\/wp\/v2\/product_brand?post=14"},{"taxonomy":"product_cat","embeddable":true,"href":"https:\/\/shop.mohl-fliesen.de\/index.php\/wp-json\/wp\/v2\/product_cat?post=14"},{"taxonomy":"product_tag","embeddable":true,"href":"https:\/\/shop.mohl-fliesen.de\/index.php\/wp-json\/wp\/v2\/product_tag?post=14"}],"curies":[{"name":"wp","href":"https:\/\/api.w.org\/{rel}","templated":true}]}}