{"id":23,"date":"2019-12-04T23:52:43","date_gmt":"2019-12-04T23:52:43","guid":{"rendered":"https:\/\/shop.mohl-fliesen.de\/index.php\/zahlungsweisen\/"},"modified":"2021-01-05T11:10:07","modified_gmt":"2021-01-05T11:10:07","slug":"zahlungsweisen","status":"publish","type":"page","link":"https:\/\/shop.mohl-fliesen.de\/index.php\/zahlungsweisen\/","title":{"rendered":"Zahlungsweisen"},"content":{"rendered":"<p><strong>Zahlungsarten<\/strong><\/p>\n<p>Wir bieten Ihnen folgende Zahlungsarten an. Suchen Sie sich einfach die f\u00fcr Sie optimale Zahlart aus. Die Versandkosten sind teilweise abh\u00e4ngig von der gew\u00e4hlten Zahlungsart. Die in den jeweiligen Angeboten angef\u00fchrten Preise stellen Endpreise dar. Sie beinhalten alle Preisbestandteile einschlie\u00dflich etwaig anfallender Steuern wie Mehrwertsteuer. Nur bei grenz\u00fcberschreitender Lieferung k\u00f6nnen im Einzelfall weitere Steuern (z.B. im Falle eines innergemeinschaftlichen Erwerbs) und\/oder Abgaben (z.B. Z\u00f6lle) von Ihnen zu zahlen sein, jedoch nicht an den Verk\u00e4ufer, sondern an die dort zust\u00e4ndigen Zoll- bzw. Steuerbeh\u00f6rden. Die anfallenden Liefer- und Versandkosten sind nicht im Kaufpreis enthalten, sie sind \u00fcber die Seite \u201eVersandkosten\u201c aufrufbar, werden im Laufe des Bestellvorganges gesondert ausgewiesen und sind von Ihnen zus\u00e4tzlich zu tragen.<\/p>\n<p><em>Kreditkarte<\/em><\/p>\n<p>Zahlen Sie ganz einfach per Kreditkarte.<\/p>\n<p><em>PayPal<\/em><\/p>\n<p>Noch schneller und sicherer bezahlen mit ihrem PayPal-Konto.<\/p>\n<p><em>Vorkasse<\/em><\/p>\n<p>Kostenloser Versand innerhalb Deutschlands (Au\u00dfer Express-Versand)<\/p>\n<p>Bitte \u00fcberweisen Sie den Gesamtbetrag Ihrer Bestellung auf unser Konto:<\/p>\n<p>Kontoinhaber: Steffen Mohl<br \/>\nKontonummer: 581749<br \/>\nBLZ: 640 500 00<br \/>\nKreditinstitut: KSK Reutlingen<br \/>\nSWIFT: SOLADES1REU<br \/>\nIBAN: DE95 6405 0000 0000 5817 49<\/p>\n<p><strong><em>Barzahlung<\/em><\/strong><\/p>\n<p><strong>Bestellen Sie online und holen Sie Ihre Bestellung bei uns im Gesch\u00e4ft einfach ab:<\/strong><\/p>\n<p><strong>Mohl Fliesenfachbetrieb<\/strong><\/p>\n<p><strong>Grabenstra\u00dfe 35 72800 Eningen\u00a0 \u00a0Tel. 07121 880073\u00a0 f\u00fcr Terminabsprache<\/strong><\/p>\n","protected":false},"excerpt":{"rendered":"<p>Zahlungsarten Wir bieten Ihnen folgende Zahlungsarten an. Suchen Sie sich einfach die f\u00fcr Sie optimale Zahlart aus. Die Versandkosten sind teilweise abh\u00e4ngig von der gew\u00e4hlten Zahlungsart. Die in den jeweiligen Angeboten angef\u00fchrten Preise stellen Endpreise dar. Sie beinhalten alle Preisbestandteile einschlie\u00dflich etwaig anfallender Steuern wie Mehrwertsteuer. Nur bei grenz\u00fcberschreitender Lieferung k\u00f6nnen im Einzelfall weitere Steuern [&#8230;]<\/p>\n","protected":false},"author":1,"featured_media":0,"parent":0,"menu_order":0,"comment_status":"closed","ping_status":"closed","template":"","meta":{"footnotes":""},"class_list":["post-23","page","type-page","status-publish","hentry"],"yoast_head":"<!-- This site is optimized with the Yoast SEO plugin v27.4 - https:\/\/yoast.com\/product\/yoast-seo-wordpress\/ -->\n<title>Zahlungsweisen - shop-mohl-fliesen<\/title>\n<meta name=\"robots\" content=\"index, follow, max-snippet:-1, max-image-preview:large, max-video-preview:-1\" \/>\n<link rel=\"canonical\" href=\"https:\/\/shop.mohl-fliesen.de\/index.php\/zahlungsweisen\/\" \/>\n<meta property=\"og:locale\" content=\"de_DE\" \/>\n<meta property=\"og:type\" content=\"article\" \/>\n<meta property=\"og:title\" content=\"Zahlungsweisen - shop-mohl-fliesen\" \/>\n<meta property=\"og:description\" content=\"Zahlungsarten Wir bieten Ihnen folgende Zahlungsarten an. Suchen Sie sich einfach die f\u00fcr Sie optimale Zahlart aus. Die Versandkosten sind teilweise abh\u00e4ngig von der gew\u00e4hlten Zahlungsart. Die in den jeweiligen Angeboten angef\u00fchrten Preise stellen Endpreise dar. Sie beinhalten alle Preisbestandteile einschlie\u00dflich etwaig anfallender Steuern wie Mehrwertsteuer. Nur bei grenz\u00fcberschreitender Lieferung k\u00f6nnen im Einzelfall weitere Steuern [...]\" \/>\n<meta property=\"og:url\" content=\"https:\/\/shop.mohl-fliesen.de\/index.php\/zahlungsweisen\/\" \/>\n<meta property=\"og:site_name\" content=\"shop-mohl-fliesen\" \/>\n<meta property=\"article:modified_time\" content=\"2021-01-05T11:10:07+00:00\" \/>\n<meta name=\"twitter:card\" content=\"summary_large_image\" \/>\n<meta name=\"twitter:label1\" content=\"Gesch\u00e4tzte Lesezeit\" \/>\n\t<meta name=\"twitter:data1\" content=\"1\u00a0Minute\" \/>\n<script type=\"application\/ld+json\" class=\"yoast-schema-graph\">{\"@context\":\"https:\\\/\\\/schema.org\",\"@graph\":[{\"@type\":\"WebPage\",\"@id\":\"https:\\\/\\\/shop.mohl-fliesen.de\\\/index.php\\\/zahlungsweisen\\\/\",\"url\":\"https:\\\/\\\/shop.mohl-fliesen.de\\\/index.php\\\/zahlungsweisen\\\/\",\"name\":\"Zahlungsweisen - shop-mohl-fliesen\",\"isPartOf\":{\"@id\":\"https:\\\/\\\/shop.mohl-fliesen.de\\\/#website\"},\"datePublished\":\"2019-12-04T23:52:43+00:00\",\"dateModified\":\"2021-01-05T11:10:07+00:00\",\"breadcrumb\":{\"@id\":\"https:\\\/\\\/shop.mohl-fliesen.de\\\/index.php\\\/zahlungsweisen\\\/#breadcrumb\"},\"inLanguage\":\"de\",\"potentialAction\":[{\"@type\":\"ReadAction\",\"target\":[\"https:\\\/\\\/shop.mohl-fliesen.de\\\/index.php\\\/zahlungsweisen\\\/\"]}]},{\"@type\":\"BreadcrumbList\",\"@id\":\"https:\\\/\\\/shop.mohl-fliesen.de\\\/index.php\\\/zahlungsweisen\\\/#breadcrumb\",\"itemListElement\":[{\"@type\":\"ListItem\",\"position\":1,\"name\":\"Home\",\"item\":\"https:\\\/\\\/shop.mohl-fliesen.de\\\/\"},{\"@type\":\"ListItem\",\"position\":2,\"name\":\"Zahlungsweisen\"}]},{\"@type\":\"WebSite\",\"@id\":\"https:\\\/\\\/shop.mohl-fliesen.de\\\/#website\",\"url\":\"https:\\\/\\\/shop.mohl-fliesen.de\\\/\",\"name\":\"shop.mohl-fliesen\",\"description\":\"alles rund um die Fliese\",\"publisher\":{\"@id\":\"https:\\\/\\\/shop.mohl-fliesen.de\\\/#organization\"},\"potentialAction\":[{\"@type\":\"SearchAction\",\"target\":{\"@type\":\"EntryPoint\",\"urlTemplate\":\"https:\\\/\\\/shop.mohl-fliesen.de\\\/?s={search_term_string}\"},\"query-input\":{\"@type\":\"PropertyValueSpecification\",\"valueRequired\":true,\"valueName\":\"search_term_string\"}}],\"inLanguage\":\"de\"},{\"@type\":\"Organization\",\"@id\":\"https:\\\/\\\/shop.mohl-fliesen.de\\\/#organization\",\"name\":\"Mohl Fliesenlegermeisterbetrieb\",\"url\":\"https:\\\/\\\/shop.mohl-fliesen.de\\\/\",\"logo\":{\"@type\":\"ImageObject\",\"inLanguage\":\"de\",\"@id\":\"https:\\\/\\\/shop.mohl-fliesen.de\\\/#\\\/schema\\\/logo\\\/image\\\/\",\"url\":\"https:\\\/\\\/shop.mohl-fliesen.de\\\/wp-content\\\/uploads\\\/2019\\\/12\\\/FirmenLogo.bmp\",\"contentUrl\":\"https:\\\/\\\/shop.mohl-fliesen.de\\\/wp-content\\\/uploads\\\/2019\\\/12\\\/FirmenLogo.bmp\",\"width\":367,\"height\":262,\"caption\":\"Mohl Fliesenlegermeisterbetrieb\"},\"image\":{\"@id\":\"https:\\\/\\\/shop.mohl-fliesen.de\\\/#\\\/schema\\\/logo\\\/image\\\/\"}}]}<\/script>\n<!-- \/ Yoast SEO plugin. -->","yoast_head_json":{"title":"Zahlungsweisen - shop-mohl-fliesen","robots":{"index":"index","follow":"follow","max-snippet":"max-snippet:-1","max-image-preview":"max-image-preview:large","max-video-preview":"max-video-preview:-1"},"canonical":"https:\/\/shop.mohl-fliesen.de\/index.php\/zahlungsweisen\/","og_locale":"de_DE","og_type":"article","og_title":"Zahlungsweisen - shop-mohl-fliesen","og_description":"Zahlungsarten Wir bieten Ihnen folgende Zahlungsarten an. Suchen Sie sich einfach die f\u00fcr Sie optimale Zahlart aus. Die Versandkosten sind teilweise abh\u00e4ngig von der gew\u00e4hlten Zahlungsart. Die in den jeweiligen Angeboten angef\u00fchrten Preise stellen Endpreise dar. Sie beinhalten alle Preisbestandteile einschlie\u00dflich etwaig anfallender Steuern wie Mehrwertsteuer. Nur bei grenz\u00fcberschreitender Lieferung k\u00f6nnen im Einzelfall weitere Steuern [...]","og_url":"https:\/\/shop.mohl-fliesen.de\/index.php\/zahlungsweisen\/","og_site_name":"shop-mohl-fliesen","article_modified_time":"2021-01-05T11:10:07+00:00","twitter_card":"summary_large_image","twitter_misc":{"Gesch\u00e4tzte Lesezeit":"1\u00a0Minute"},"schema":{"@context":"https:\/\/schema.org","@graph":[{"@type":"WebPage","@id":"https:\/\/shop.mohl-fliesen.de\/index.php\/zahlungsweisen\/","url":"https:\/\/shop.mohl-fliesen.de\/index.php\/zahlungsweisen\/","name":"Zahlungsweisen - shop-mohl-fliesen","isPartOf":{"@id":"https:\/\/shop.mohl-fliesen.de\/#website"},"datePublished":"2019-12-04T23:52:43+00:00","dateModified":"2021-01-05T11:10:07+00:00","breadcrumb":{"@id":"https:\/\/shop.mohl-fliesen.de\/index.php\/zahlungsweisen\/#breadcrumb"},"inLanguage":"de","potentialAction":[{"@type":"ReadAction","target":["https:\/\/shop.mohl-fliesen.de\/index.php\/zahlungsweisen\/"]}]},{"@type":"BreadcrumbList","@id":"https:\/\/shop.mohl-fliesen.de\/index.php\/zahlungsweisen\/#breadcrumb","itemListElement":[{"@type":"ListItem","position":1,"name":"Home","item":"https:\/\/shop.mohl-fliesen.de\/"},{"@type":"ListItem","position":2,"name":"Zahlungsweisen"}]},{"@type":"WebSite","@id":"https:\/\/shop.mohl-fliesen.de\/#website","url":"https:\/\/shop.mohl-fliesen.de\/","name":"shop.mohl-fliesen","description":"alles rund um die Fliese","publisher":{"@id":"https:\/\/shop.mohl-fliesen.de\/#organization"},"potentialAction":[{"@type":"SearchAction","target":{"@type":"EntryPoint","urlTemplate":"https:\/\/shop.mohl-fliesen.de\/?s={search_term_string}"},"query-input":{"@type":"PropertyValueSpecification","valueRequired":true,"valueName":"search_term_string"}}],"inLanguage":"de"},{"@type":"Organization","@id":"https:\/\/shop.mohl-fliesen.de\/#organization","name":"Mohl Fliesenlegermeisterbetrieb","url":"https:\/\/shop.mohl-fliesen.de\/","logo":{"@type":"ImageObject","inLanguage":"de","@id":"https:\/\/shop.mohl-fliesen.de\/#\/schema\/logo\/image\/","url":"https:\/\/shop.mohl-fliesen.de\/wp-content\/uploads\/2019\/12\/FirmenLogo.bmp","contentUrl":"https:\/\/shop.mohl-fliesen.de\/wp-content\/uploads\/2019\/12\/FirmenLogo.bmp","width":367,"height":262,"caption":"Mohl Fliesenlegermeisterbetrieb"},"image":{"@id":"https:\/\/shop.mohl-fliesen.de\/#\/schema\/logo\/image\/"}}]}},"jetpack_sharing_enabled":true,"_links":{"self":[{"href":"https:\/\/shop.mohl-fliesen.de\/index.php\/wp-json\/wp\/v2\/pages\/23","targetHints":{"allow":["GET"]}}],"collection":[{"href":"https:\/\/shop.mohl-fliesen.de\/index.php\/wp-json\/wp\/v2\/pages"}],"about":[{"href":"https:\/\/shop.mohl-fliesen.de\/index.php\/wp-json\/wp\/v2\/types\/page"}],"author":[{"embeddable":true,"href":"https:\/\/shop.mohl-fliesen.de\/index.php\/wp-json\/wp\/v2\/users\/1"}],"replies":[{"embeddable":true,"href":"https:\/\/shop.mohl-fliesen.de\/index.php\/wp-json\/wp\/v2\/comments?post=23"}],"version-history":[{"count":3,"href":"https:\/\/shop.mohl-fliesen.de\/index.php\/wp-json\/wp\/v2\/pages\/23\/revisions"}],"predecessor-version":[{"id":2161,"href":"https:\/\/shop.mohl-fliesen.de\/index.php\/wp-json\/wp\/v2\/pages\/23\/revisions\/2161"}],"wp:attachment":[{"href":"https:\/\/shop.mohl-fliesen.de\/index.php\/wp-json\/wp\/v2\/media?parent=23"}],"curies":[{"name":"wp","href":"https:\/\/api.w.org\/{rel}","templated":true}]}}